{"id":329,"date":"2019-06-20T12:06:57","date_gmt":"2019-06-20T12:06:57","guid":{"rendered":"http:\/\/www.cdu-eibenstock.de\/?page_id=329"},"modified":"2019-06-20T12:16:56","modified_gmt":"2019-06-20T12:16:56","slug":"danksagung","status":"publish","type":"page","link":"http:\/\/www.cdu-eibenstock.de\/?page_id=329","title":{"rendered":"Danksagung Wahl 2019-2024"},"content":{"rendered":"\n<figure class=\"wp-block-image\"><img loading=\"lazy\" width=\"1024\" height=\"696\" src=\"http:\/\/www.cdu-eibenstock.de\/wp-content\/uploads\/2019\/06\/CDU_Danke-1024x696.jpg\" alt=\"\" class=\"wp-image-330\" srcset=\"http:\/\/www.cdu-eibenstock.de\/wp-content\/uploads\/2019\/06\/CDU_Danke-1024x696.jpg 1024w, http:\/\/www.cdu-eibenstock.de\/wp-content\/uploads\/2019\/06\/CDU_Danke-300x204.jpg 300w, http:\/\/www.cdu-eibenstock.de\/wp-content\/uploads\/2019\/06\/CDU_Danke-768x522.jpg 768w\" sizes=\"(max-width: 1024px) 100vw, 1024px\" \/><\/figure>\n\n\n\n<p><strong>Zur Kommunalwahl am 26. Mai haben uns die B\u00fcrgerinnen und B\u00fcrger\nwieder die Verantwortung f\u00fcr die Gestaltung unserer Stadt\nanvertraut. Mit dem Wahlergebnis von 44 % d\u00fcrfen wir 8 Stadtr\u00e4te\nund 11 Ortschaftr\u00e4te stellen. Wir m\u00f6chten uns f\u00fcr das\nentgegengebrachte Vertrauen sehr herzlich bei unserer B\u00fcrgerschaft\nbedanken. Wir sehen darin die Verpflichtung nach bestem Wissen und\nGewissen engagiert und mit Gottvertrauen f\u00fcr die anstehenden\nAufgaben zu arbeiten und unsere gesetzten Ziele zu erreichen.\nGemeinsam mit allen anderen Stadtr\u00e4ten wollen wir gemeinschaftlich\n&nbsp;nach den besten L\u00f6sungen f\u00fcr alle Aufgaben streben und unsere\nStadt voranbringen.<\/strong><\/p>\n\n\n\n<p><strong>Ihr CDU-Ortsverband Eibenstock-Sosa<\/strong><\/p>\n","protected":false},"excerpt":{"rendered":"<p>Zur Kommunalwahl am 26. Mai haben uns die B\u00fcrgerinnen und B\u00fcrger wieder die Verantwortung f\u00fcr die Gestaltung unserer Stadt anvertraut. Mit dem Wahlergebnis von 44 % d\u00fcrfen wir 8 Stadtr\u00e4te und 11 Ortschaftr\u00e4te stellen. Wir m\u00f6chten uns f\u00fcr das entgegengebrachte Vertrauen sehr herzlich bei unserer B\u00fcrgerschaft bedanken. Wir sehen darin die Verpflichtung nach bestem Wissen [&hellip;]<\/p>\n","protected":false},"author":1,"featured_media":0,"parent":0,"menu_order":0,"comment_status":"closed","ping_status":"closed","template":"","meta":[],"_links":{"self":[{"href":"http:\/\/www.cdu-eibenstock.de\/index.php?rest_route=\/wp\/v2\/pages\/329"}],"collection":[{"href":"http:\/\/www.cdu-eibenstock.de\/index.php?rest_route=\/wp\/v2\/pages"}],"about":[{"href":"http:\/\/www.cdu-eibenstock.de\/index.php?rest_route=\/wp\/v2\/types\/page"}],"author":[{"embeddable":true,"href":"http:\/\/www.cdu-eibenstock.de\/index.php?rest_route=\/wp\/v2\/users\/1"}],"replies":[{"embeddable":true,"href":"http:\/\/www.cdu-eibenstock.de\/index.php?rest_route=%2Fwp%2Fv2%2Fcomments&post=329"}],"version-history":[{"count":3,"href":"http:\/\/www.cdu-eibenstock.de\/index.php?rest_route=\/wp\/v2\/pages\/329\/revisions"}],"predecessor-version":[{"id":334,"href":"http:\/\/www.cdu-eibenstock.de\/index.php?rest_route=\/wp\/v2\/pages\/329\/revisions\/334"}],"wp:attachment":[{"href":"http:\/\/www.cdu-eibenstock.de\/index.php?rest_route=%2Fwp%2Fv2%2Fmedia&parent=329"}],"curies":[{"name":"wp","href":"https:\/\/api.w.org\/{rel}","templated":true}]}}