{"id":378,"date":"2024-05-24T20:02:16","date_gmt":"2024-05-24T20:02:16","guid":{"rendered":"http:\/\/www.cdu-eibenstock.de\/?page_id=378"},"modified":"2024-05-30T12:54:06","modified_gmt":"2024-05-30T12:54:06","slug":"wahlprogramm-2024-2029","status":"publish","type":"page","link":"http:\/\/www.cdu-eibenstock.de\/?page_id=378","title":{"rendered":"Wahlprogramm 2024 &#8211; 2029"},"content":{"rendered":"\n<h1 class=\"has-text-color\" style=\"color:#36a55b\">WAHLPROGRAMM 2024 &#8211; 2029<\/h1>\n\n\n\n<p>Nach 5 Jahren findet dieses Jahr eine neue Wahl der Stadt- und Ortschaftsr\u00e4te statt. Unter dem Motto \u201eWort halten \u2013 Zukunft gestalten!\u201c stellen sich 21 Kandidatinnen und Kandidaten f\u00fcr die CDU im Stadtrat auf.<\/p>\n\n\n\n<p>Nutzen Sie Ihre Stimme und w\u00e4hlen Sie am 9. Juni 2024 Ihre Zukunft. <br>Alternativ haben Sie die M\u00f6glichkeit zur Briefwahl. <\/p>\n\n\n\n<div style=\"height:30px\" aria-hidden=\"true\" class=\"wp-block-spacer\"><\/div>\n\n\n\n<h4 class=\"has-text-color\" style=\"color:#36a55b\">PERSPEKTIVEN F\u00dcR GENERATIONEN<\/h4>\n\n\n\n<p>LIEBE B\u00dcRGERINNEN UND B\u00dcRGER,<br>wir leben in herausfordernden Zeiten \u2013 viele Dinge ver\u00e4ndern sich. Unsicherheit und Krisenmodus pr\u00e4gt das politische Handeln. Manches l\u00e4sst sich nur bedingt nachvollziehen. Deshalb ist es wichtig gerade auf kommunaler Ebene mutmachende Zeichen zu setzen. Die CDU in Eibenstock und seinen Ortsteilen steht seit der Einf\u00fchrung der kommunalen Selbstverwaltung f\u00fcr Erfahrung und Verl\u00e4sslichkeit sowie f\u00fcr Gestaltungswillen und Kompetenz. Mit dem Motto \u201eWort halten \u2013 Zukunft gestalten\u201c wollen wir zum Ausdruck bringen, dass wir gesetzte Ziele auch erreichen k\u00f6nnen.<br>Dank Ihres Vertrauens ist es uns trotz Krisen, steigender Verwaltungskosten und sich verschlechternden Rahmenbedingungen in den letzten f\u00fcnf Jahren gelungen, weitere positive Entwicklungen und umfassende Investitionen in unserer Gemeinde anzupacken und zu Ende zu bringen. Zu den gr\u00f6\u00dften Erfolgen z\u00e4hlt, dass Eibenstock heute schuldenfrei ist. Unsere Einwohner leben gerne hier und sind stolz auf das Geschaffene. Von au\u00dfen wird Eibenstock heute als ein erfolgreicher aufstrebender Ort wahrgenommen, \u00fcber den es viel Gutes zu berichten gibt. In allen Ortsteilen hat sich das Ortsbild sehr zum Positiven gewandelt, ein reichhaltiges Kultur- und Freizeitangebot pr\u00e4gt das \u00f6rtliche Leben.<br>Unseren erfolgreichen sowie nachhaltigen Kurs f\u00fcr die Weiterentwicklung unserer Ortsteile wollen wir auch in der kommenden Legislaturperiode mit Sachlichkeit, Mut, Besonnenheit und christlicher Verantwortung fortsetzen.<br>Daf\u00fcr stehen alle Frauen und M\u00e4nner, die f\u00fcr die CDU als Stadt- und Ortschaftr\u00e4te zur Kommunalwahl antreten. Es gilt auch in schweren Zeiten voller Spaltungen und Krisen unsere Heimat lebenswert zu gestalten sowie fit f\u00fcr die Zukunft machen. Wir bitten deshalb um Ihr Vertrauen und Ihre Stimme am 09. Juni 2024.<br>CDU &#8211; weil es um unsere Gemeinde geht!<br>Mit herzlichem \u201eGl\u00fcck auf\u201c \u2013 Ihr CDU-Ortsverband<\/p>\n\n\n\n<div style=\"height:30px\" aria-hidden=\"true\" class=\"wp-block-spacer\"><\/div>\n\n\n\n<figure class=\"wp-block-image size-large\"><img loading=\"lazy\" width=\"888\" height=\"897\" src=\"https:\/\/www.cdu-eibenstock.de\/wp-content\/uploads\/2024\/05\/Seite-wir-haben-wort-gehalten.png\" alt=\"\" class=\"wp-image-379\" srcset=\"http:\/\/www.cdu-eibenstock.de\/wp-content\/uploads\/2024\/05\/Seite-wir-haben-wort-gehalten.png 888w, http:\/\/www.cdu-eibenstock.de\/wp-content\/uploads\/2024\/05\/Seite-wir-haben-wort-gehalten-297x300.png 297w, http:\/\/www.cdu-eibenstock.de\/wp-content\/uploads\/2024\/05\/Seite-wir-haben-wort-gehalten-768x776.png 768w\" sizes=\"(max-width: 888px) 100vw, 888px\" \/><figcaption>Erfolgreich durchgef\u00fchrte Projekte in der Legislaturperiode 2019 &#8211; 2024<\/figcaption><\/figure>\n\n\n\n<div style=\"height:30px\" aria-hidden=\"true\" class=\"wp-block-spacer\"><\/div>\n\n\n\n<div style=\"height:30px\" aria-hidden=\"true\" class=\"wp-block-spacer\"><\/div>\n\n\n\n<h4 class=\"has-text-color\" style=\"color:#36a55b\">UNSERE KANDIDATEN F\u00dcR DEN STADT- UND ORTSCHAFTSRAT<\/h4>\n\n\n\n<div class=\"wp-block-buttons\">\n<div class=\"wp-block-button\"><a class=\"wp-block-button__link\"><\/a><\/div>\n<\/div>\n\n\n\n<div class=\"wp-block-columns\">\n<div class=\"wp-block-column\" style=\"flex-basis:66.66%\">\n<figure class=\"wp-block-image size-large\"><img loading=\"lazy\" width=\"888\" height=\"789\" src=\"https:\/\/www.cdu-eibenstock.de\/wp-content\/uploads\/2024\/05\/seite-stadtrat.png\" alt=\"\" class=\"wp-image-380\" srcset=\"http:\/\/www.cdu-eibenstock.de\/wp-content\/uploads\/2024\/05\/seite-stadtrat.png 888w, http:\/\/www.cdu-eibenstock.de\/wp-content\/uploads\/2024\/05\/seite-stadtrat-300x267.png 300w, http:\/\/www.cdu-eibenstock.de\/wp-content\/uploads\/2024\/05\/seite-stadtrat-768x682.png 768w\" sizes=\"(max-width: 888px) 100vw, 888px\" \/><figcaption>21 Kandidatinnen &amp; Kandidaten<br>* Carolin Diener (28): Ausbildung zur Pflegefachkraft<\/figcaption><\/figure>\n\n\n\n<p><\/p>\n<\/div>\n\n\n\n<div class=\"wp-block-column\" style=\"flex-basis:33.33%\">\n<figure class=\"wp-block-image size-large\"><img loading=\"lazy\" width=\"412\" height=\"736\" src=\"https:\/\/www.cdu-eibenstock.de\/wp-content\/uploads\/2024\/05\/seite-ortschaft-1.png\" alt=\"\" class=\"wp-image-382\" srcset=\"http:\/\/www.cdu-eibenstock.de\/wp-content\/uploads\/2024\/05\/seite-ortschaft-1.png 412w, http:\/\/www.cdu-eibenstock.de\/wp-content\/uploads\/2024\/05\/seite-ortschaft-1-168x300.png 168w\" sizes=\"(max-width: 412px) 100vw, 412px\" \/><\/figure>\n\n\n\n<p><\/p>\n<\/div>\n<\/div>\n\n\n\n<div style=\"height:30px\" aria-hidden=\"true\" class=\"wp-block-spacer\"><\/div>\n\n\n\n<div class=\"wp-block-file\"><a href=\"http:\/\/www.cdu-eibenstock.de\/wp-content\/uploads\/2024\/05\/2024-05-07-CDU_Flyer_Kommunalwahl_210x210mm_2024-Endversion.pdf\">2024 CDU_Flyer_Kommunalwahl<\/a><a href=\"http:\/\/www.cdu-eibenstock.de\/wp-content\/uploads\/2024\/05\/2024-05-07-CDU_Flyer_Kommunalwahl_210x210mm_2024-Endversion.pdf\" class=\"wp-block-file__button\" download>Herunterladen<\/a><\/div>\n\n\n\n<div class=\"wp-block-columns\">\n<div class=\"wp-block-column\">\n<div class=\"wp-block-file\"><a href=\"https:\/\/www.cdu-eibenstock.de\/wp-content\/uploads\/2024\/05\/2024-CDU_Plakate_Kommunalwahl.jpg\" rel=\"lightbox[378]\">2024 CDU_Plakate_Kommunalwahl<\/a><a href=\"https:\/\/www.cdu-eibenstock.de\/wp-content\/uploads\/2024\/05\/2024-CDU_Plakate_Kommunalwahl.jpg\" class=\"wp-block-file__button\" download rel=\"lightbox[378]\">Herunterladen<\/a><\/div>\n\n\n\n<div class=\"wp-block-file\"><a href=\"http:\/\/www.cdu-eibenstock.de\/wp-content\/uploads\/2024\/05\/2024-05-23-CDU-OV-Programm-2024-2029.pdf\">2024 CDU Programm Langversion<\/a><a href=\"http:\/\/www.cdu-eibenstock.de\/wp-content\/uploads\/2024\/05\/2024-05-23-CDU-OV-Programm-2024-2029.pdf\" class=\"wp-block-file__button\" download>Herunterladen<\/a><\/div>\n\n\n\n<p><\/p>\n<\/div>\n<\/div>\n\n\n\n<p><\/p>\n","protected":false},"excerpt":{"rendered":"<p>WAHLPROGRAMM 2024 &#8211; 2029 Nach 5 Jahren findet dieses Jahr eine neue Wahl der Stadt- und Ortschaftsr\u00e4te statt. Unter dem Motto \u201eWort halten \u2013 Zukunft gestalten!\u201c stellen sich 21 Kandidatinnen und Kandidaten f\u00fcr die CDU im Stadtrat auf. Nutzen Sie Ihre Stimme und w\u00e4hlen Sie am 9. Juni 2024 Ihre Zukunft. Alternativ haben Sie die [&hellip;]<\/p>\n","protected":false},"author":1,"featured_media":0,"parent":0,"menu_order":0,"comment_status":"closed","ping_status":"closed","template":"","meta":[],"_links":{"self":[{"href":"http:\/\/www.cdu-eibenstock.de\/index.php?rest_route=\/wp\/v2\/pages\/378"}],"collection":[{"href":"http:\/\/www.cdu-eibenstock.de\/index.php?rest_route=\/wp\/v2\/pages"}],"about":[{"href":"http:\/\/www.cdu-eibenstock.de\/index.php?rest_route=\/wp\/v2\/types\/page"}],"author":[{"embeddable":true,"href":"http:\/\/www.cdu-eibenstock.de\/index.php?rest_route=\/wp\/v2\/users\/1"}],"replies":[{"embeddable":true,"href":"http:\/\/www.cdu-eibenstock.de\/index.php?rest_route=%2Fwp%2Fv2%2Fcomments&post=378"}],"version-history":[{"count":4,"href":"http:\/\/www.cdu-eibenstock.de\/index.php?rest_route=\/wp\/v2\/pages\/378\/revisions"}],"predecessor-version":[{"id":418,"href":"http:\/\/www.cdu-eibenstock.de\/index.php?rest_route=\/wp\/v2\/pages\/378\/revisions\/418"}],"wp:attachment":[{"href":"http:\/\/www.cdu-eibenstock.de\/index.php?rest_route=%2Fwp%2Fv2%2Fmedia&parent=378"}],"curies":[{"name":"wp","href":"https:\/\/api.w.org\/{rel}","templated":true}]}}