{"id":14,"date":"2019-04-17T18:50:08","date_gmt":"2019-04-17T18:50:08","guid":{"rendered":"http:\/\/cdu-eibenstock.de\/?page_id=14"},"modified":"2024-05-24T20:23:23","modified_gmt":"2024-05-24T20:23:23","slug":"ortsverband-eibenstock","status":"publish","type":"page","link":"https:\/\/www.cdu-eibenstock.de\/","title":{"rendered":"Ortsverband"},"content":{"rendered":"\n<p><\/p>\n\n\n\n<h2>Herzlich Willkommen<\/h2>\n\n\n\n<p class=\"has-text-align-left has-very-dark-gray-color has-text-color\" style=\"font-size:22px\"><strong>auf der Website der CDU-Eibenstock \u2013 Sosa. <\/strong><br><strong>Unser Ortsverband m\u00f6chte mit dem Grundsatz: <\/strong><br><strong><em>&#8222;Suchet der Stadt Bestes.&#8220;<\/em> <\/strong><br><strong>mit Erfahrung, Herz und Engagement die Zukunft <\/strong><br><strong>unserer Stadt mit ihren Ortsteilen mitgestalten. <\/strong><br><strong>Gerne informieren wir Sie auf dieser Seite <\/strong><br><strong>regelm\u00e4\u00dfig \u00fcber unsere ehrenamtliche Arbeit und <\/strong><br><strong>laden Sie herzlich diese Arbeit f\u00fcr unsere Heimat zu unterst\u00fctzen.<\/strong><\/p>\n\n\n\n<div style=\"height:30px\" aria-hidden=\"true\" class=\"wp-block-spacer\"><\/div>\n\n\n\n<figure class=\"wp-block-image size-large\"><a href=\"https:\/\/www.cdu-eibenstock.de\/?page_id=378\"><img loading=\"lazy\" width=\"902\" height=\"902\" src=\"https:\/\/www.cdu-eibenstock.de\/wp-content\/uploads\/2024\/05\/Flyer-Vorderseite.png\" alt=\"\" class=\"wp-image-373\" srcset=\"https:\/\/www.cdu-eibenstock.de\/wp-content\/uploads\/2024\/05\/Flyer-Vorderseite.png 902w, https:\/\/www.cdu-eibenstock.de\/wp-content\/uploads\/2024\/05\/Flyer-Vorderseite-300x300.png 300w, https:\/\/www.cdu-eibenstock.de\/wp-content\/uploads\/2024\/05\/Flyer-Vorderseite-150x150.png 150w, https:\/\/www.cdu-eibenstock.de\/wp-content\/uploads\/2024\/05\/Flyer-Vorderseite-768x768.png 768w\" sizes=\"(max-width: 902px) 100vw, 902px\" \/><\/a><figcaption>Kommunalwahl 2024 &#8211; &#8222;Wort halten &#8211; Zukunft gestalten!&#8220;<\/figcaption><\/figure>\n\n\n\n<div style=\"height:30px\" aria-hidden=\"true\" class=\"wp-block-spacer\"><\/div>\n\n\n\n<div class=\"wp-block-buttons aligncenter\">\n<div class=\"wp-block-button\"><a class=\"wp-block-button__link has-background\" href=\"https:\/\/www.cdu-eibenstock.de\/?page_id=378\" style=\"background-color:#46a258\">Wahlprogramm 2024 &#8211; 2019<\/a><\/div>\n<\/div>\n","protected":false},"excerpt":{"rendered":"<p>Herzlich Willkommen auf der Website der CDU-Eibenstock \u2013 Sosa. Unser Ortsverband m\u00f6chte mit dem Grundsatz: &#8222;Suchet der Stadt Bestes.&#8220; mit Erfahrung, Herz und Engagement die Zukunft unserer Stadt mit ihren Ortsteilen mitgestalten. Gerne informieren wir Sie auf dieser Seite regelm\u00e4\u00dfig \u00fcber unsere ehrenamtliche Arbeit und laden Sie herzlich diese Arbeit f\u00fcr unsere Heimat zu unterst\u00fctzen.<\/p>\n","protected":false},"author":1,"featured_media":0,"parent":0,"menu_order":0,"comment_status":"closed","ping_status":"closed","template":"","meta":[],"_links":{"self":[{"href":"https:\/\/www.cdu-eibenstock.de\/index.php?rest_route=\/wp\/v2\/pages\/14"}],"collection":[{"href":"https:\/\/www.cdu-eibenstock.de\/index.php?rest_route=\/wp\/v2\/pages"}],"about":[{"href":"https:\/\/www.cdu-eibenstock.de\/index.php?rest_route=\/wp\/v2\/types\/page"}],"author":[{"embeddable":true,"href":"https:\/\/www.cdu-eibenstock.de\/index.php?rest_route=\/wp\/v2\/users\/1"}],"replies":[{"embeddable":true,"href":"https:\/\/www.cdu-eibenstock.de\/index.php?rest_route=%2Fwp%2Fv2%2Fcomments&post=14"}],"version-history":[{"count":22,"href":"https:\/\/www.cdu-eibenstock.de\/index.php?rest_route=\/wp\/v2\/pages\/14\/revisions"}],"predecessor-version":[{"id":404,"href":"https:\/\/www.cdu-eibenstock.de\/index.php?rest_route=\/wp\/v2\/pages\/14\/revisions\/404"}],"wp:attachment":[{"href":"https:\/\/www.cdu-eibenstock.de\/index.php?rest_route=%2Fwp%2Fv2%2Fmedia&parent=14"}],"curies":[{"name":"wp","href":"https:\/\/api.w.org\/{rel}","templated":true}]}}